{"id":2112,"date":"2024-09-25T21:44:16","date_gmt":"2024-09-25T19:44:16","guid":{"rendered":"https:\/\/charneux.be\/preprod\/?page_id=2112"},"modified":"2024-10-21T21:03:49","modified_gmt":"2024-10-21T19:03:49","slug":"infos-pratiques","status":"publish","type":"page","link":"https:\/\/charneux.be\/preprod\/infos-pratiques\/","title":{"rendered":"Infos pratiques"},"content":{"rendered":"\t\t<div data-elementor-type=\"wp-page\" data-elementor-id=\"2112\" class=\"elementor elementor-2112\" data-elementor-post-type=\"page\">\n\t\t\t\t<div class=\"elementor-element elementor-element-97e937d e-con-full e-flex e-con e-parent\" data-id=\"97e937d\" data-element_type=\"container\">\n\t\t\t\t<div class=\"elementor-element elementor-element-97deb09 elementor-widget elementor-widget-spacer\" data-id=\"97deb09\" data-element_type=\"widget\" data-widget_type=\"spacer.default\">\n\t\t\t\t<div class=\"elementor-widget-container\">\n\t\t\t\t\t<div class=\"elementor-spacer\">\n\t\t\t<div class=\"elementor-spacer-inner\"><\/div>\n\t\t<\/div>\n\t\t\t\t<\/div>\n\t\t\t\t<\/div>\n\t\t\t\t<\/div>\n\t\t<div class=\"elementor-element elementor-element-b68ec6a e-flex e-con-boxed e-con e-parent\" data-id=\"b68ec6a\" data-element_type=\"container\">\n\t\t\t\t\t<div class=\"e-con-inner\">\n\t\t<div class=\"elementor-element elementor-element-9536047 e-con-full e-flex e-con e-child\" data-id=\"9536047\" data-element_type=\"container\">\n\t\t<div class=\"elementor-element elementor-element-267adbe e-con-full e-flex e-con e-child\" data-id=\"267adbe\" data-element_type=\"container\" data-settings=\"{&quot;background_background&quot;:&quot;classic&quot;}\">\n\t\t\t\t<div class=\"elementor-element elementor-element-b757d99 elementor-widget elementor-widget-text-editor\" data-id=\"b757d99\" data-element_type=\"widget\" data-widget_type=\"text-editor.default\">\n\t\t\t\t<div class=\"elementor-widget-container\">\n\t\t\t\t\t\t\t<h2 style=\"text-align: center;\"><span style=\"color: #d84945;\">H<\/span><span style=\"color: #eb615e;\">O<\/span><span style=\"color: #b08769;\">R<\/span><span style=\"color: #8eb124;\">A<\/span><span style=\"color: #68832a;\">I<\/span><span style=\"color: #00a99f;\">R<\/span><span style=\"color: #1d70b7;\">E<\/span><span style=\"color: #47589a;\">S<\/span><\/h2>\t\t\t\t\t\t<\/div>\n\t\t\t\t<\/div>\n\t\t<div class=\"elementor-element elementor-element-5408acf e-con-full e-flex e-con e-child\" data-id=\"5408acf\" data-element_type=\"container\">\n\t\t\t\t<div class=\"elementor-element elementor-element-57502e2 elementor-widget elementor-widget-text-editor\" data-id=\"57502e2\" data-element_type=\"widget\" data-widget_type=\"text-editor.default\">\n\t\t\t\t<div class=\"elementor-widget-container\">\n\t\t\t\t\t\t\t<p><strong>Maternelle:<\/strong><\/p>\n<p>8h30 &#8211; 12h10<br \/>13h30 &#8211; 15h10<\/p>\t\t\t\t\t\t<\/div>\n\t\t\t\t<\/div>\n\t\t\t\t<div class=\"elementor-element elementor-element-4402930 elementor-widget elementor-widget-text-editor\" data-id=\"4402930\" data-element_type=\"widget\" data-widget_type=\"text-editor.default\">\n\t\t\t\t<div class=\"elementor-widget-container\">\n\t\t\t\t\t\t\t<p><strong>Primaire:<\/strong><\/p>\n<p>8h30 &#8211; 12h15<br \/>13h30 &#8211; 15h10<br \/>(ouverture de la<br \/>barri\u00e8re \u00e0 15h15)<\/p>\t\t\t\t\t\t<\/div>\n\t\t\t\t<\/div>\n\t\t\t\t<\/div>\n\t\t\t\t<div class=\"elementor-element elementor-element-71e1bcb elementor-widget elementor-widget-text-editor\" data-id=\"71e1bcb\" data-element_type=\"widget\" data-widget_type=\"text-editor.default\">\n\t\t\t\t<div class=\"elementor-widget-container\">\n\t\t\t\t\t\t\t<p>L\u2019arriv\u00e9e \u00e0 l\u2019heure est primordiale<\/p>\t\t\t\t\t\t<\/div>\n\t\t\t\t<\/div>\n\t\t\t\t<\/div>\n\t\t<div class=\"elementor-element elementor-element-9c6e6c5 e-con-full e-flex e-con e-child\" data-id=\"9c6e6c5\" data-element_type=\"container\" data-settings=\"{&quot;background_background&quot;:&quot;classic&quot;}\">\n\t\t\t\t<div class=\"elementor-element elementor-element-b247f99 elementor-widget elementor-widget-text-editor\" data-id=\"b247f99\" data-element_type=\"widget\" data-widget_type=\"text-editor.default\">\n\t\t\t\t<div class=\"elementor-widget-container\">\n\t\t\t\t\t\t\t<h2 style=\"text-align: center;\"><span style=\"color: #00a99f;\">I<\/span><span style=\"color: #1d70b7;\">N<\/span><span style=\"color: #47589a;\">S<\/span><span style=\"color: #662482;\">C<\/span><span style=\"color: #e61b72;\">R<\/span><span style=\"color: #f29100;\">I<\/span><span style=\"color: #d84945;\">P<\/span><span style=\"color: #eb615e;\">T<\/span><span style=\"color: #b08769;\">I<\/span><span style=\"color: #00a99f;\">O<\/span><span style=\"color: #8eb124;\">N<\/span><span style=\"color: #68832a;\">S<\/span><\/h2>\t\t\t\t\t\t<\/div>\n\t\t\t\t<\/div>\n\t\t\t\t<div class=\"elementor-element elementor-element-f049e0f elementor-widget elementor-widget-text-editor\" data-id=\"f049e0f\" data-element_type=\"widget\" data-widget_type=\"text-editor.default\">\n\t\t\t\t<div class=\"elementor-widget-container\">\n\t\t\t\t\t\t\t<p>Pour toute inscription ou question relative \u00e0 celle-ci, merci de contacter la direction.<\/p>\t\t\t\t\t\t<\/div>\n\t\t\t\t<\/div>\n\t\t\t\t<div class=\"elementor-element elementor-element-7fd1c6c elementor-widget elementor-widget-text-editor\" data-id=\"7fd1c6c\" data-element_type=\"widget\" data-widget_type=\"text-editor.default\">\n\t\t\t\t<div class=\"elementor-widget-container\">\n\t\t\t\t\t\t\t<p>Nous nous ferons un plaisir de vous pr\u00e9senter l\u2019\u00e9cole, son organisation et ses valeurs lors d\u2019une rencontre.<\/p>\t\t\t\t\t\t<\/div>\n\t\t\t\t<\/div>\n\t\t\t\t<\/div>\n\t\t<div class=\"elementor-element elementor-element-2cdf212 e-con-full e-flex e-con e-child\" data-id=\"2cdf212\" data-element_type=\"container\" data-settings=\"{&quot;background_background&quot;:&quot;classic&quot;}\">\n\t\t\t\t<div class=\"elementor-element elementor-element-af24ce0 elementor-widget elementor-widget-text-editor\" data-id=\"af24ce0\" data-element_type=\"widget\" data-widget_type=\"text-editor.default\">\n\t\t\t\t<div class=\"elementor-widget-container\">\n\t\t\t\t\t\t\t<h2 style=\"text-align: center;\"><span style=\"color: #8eb124;\">A<\/span><span style=\"color: #68832a;\">B<\/span><span style=\"color: #00a99f;\">S<\/span><span style=\"color: #1d70b7;\">E<\/span><span style=\"color: #47589a;\">N<\/span><span style=\"color: #662482;\">C<\/span><span style=\"color: #e61b72;\">E<\/span><span style=\"color: #f29100;\">S<\/span><\/h2>\t\t\t\t\t\t<\/div>\n\t\t\t\t<\/div>\n\t\t\t\t<div class=\"elementor-element elementor-element-4b414ea elementor-widget elementor-widget-text-editor\" data-id=\"4b414ea\" data-element_type=\"widget\" data-widget_type=\"text-editor.default\">\n\t\t\t\t<div class=\"elementor-widget-container\">\n\t\t\t\t\t\t\t<p>De la M3 \u00e0 la P6, les absences doivent \u00eatre justifi\u00e9es. Pour toutes les absences de moins de 3 jours, le document ci-dessous vous permettra de justifier l\u2019absence valablement.<\/p>\t\t\t\t\t\t<\/div>\n\t\t\t\t<\/div>\n\t\t\t\t<div class=\"elementor-element elementor-element-0ed8ff0 elementor-widget elementor-widget-text-editor\" data-id=\"0ed8ff0\" data-element_type=\"widget\" data-widget_type=\"text-editor.default\">\n\t\t\t\t<div class=\"elementor-widget-container\">\n\t\t\t\t\t\t\t<p>Pour toute absence de plus de 3 jours, nous vous conseillons de nous remettre le certificat au plus vite.<\/p>\t\t\t\t\t\t<\/div>\n\t\t\t\t<\/div>\n\t\t\t\t<div class=\"elementor-element elementor-element-afb17b4 elementor-widget elementor-widget-button\" data-id=\"afb17b4\" data-element_type=\"widget\" data-widget_type=\"button.default\">\n\t\t\t\t<div class=\"elementor-widget-container\">\n\t\t\t\t\t<div class=\"elementor-button-wrapper\">\n\t\t\t<a class=\"elementor-button elementor-button-link elementor-size-sm\" href=\"https:\/\/charneux.be\/preprod\/wp-content\/uploads\/2024\/10\/JUSTIFICATIF-dabsence-vierge.pdf\" target=\"_blank\">\n\t\t\t\t\t\t<span class=\"elementor-button-content-wrapper\">\n\t\t\t\t\t\t<span class=\"elementor-button-icon\">\n\t\t\t\t<svg aria-hidden=\"true\" class=\"e-font-icon-svg e-far-file-pdf\" viewBox=\"0 0 384 512\" xmlns=\"http:\/\/www.w3.org\/2000\/svg\"><path d=\"M369.9 97.9L286 14C277 5 264.8-.1 252.1-.1H48C21.5 0 0 21.5 0 48v416c0 26.5 21.5 48 48 48h288c26.5 0 48-21.5 48-48V131.9c0-12.7-5.1-25-14.1-34zM332.1 128H256V51.9l76.1 76.1zM48 464V48h160v104c0 13.3 10.7 24 24 24h104v288H48zm250.2-143.7c-12.2-12-47-8.7-64.4-6.5-17.2-10.5-28.7-25-36.8-46.3 3.9-16.1 10.1-40.6 5.4-56-4.2-26.2-37.8-23.6-42.6-5.9-4.4 16.1-.4 38.5 7 67.1-10 23.9-24.9 56-35.4 74.4-20 10.3-47 26.2-51 46.2-3.3 15.8 26 55.2 76.1-31.2 22.4-7.4 46.8-16.5 68.4-20.1 18.9 10.2 41 17 55.8 17 25.5 0 28-28.2 17.5-38.7zm-198.1 77.8c5.1-13.7 24.5-29.5 30.4-35-19 30.3-30.4 35.7-30.4 35zm81.6-190.6c7.4 0 6.7 32.1 1.8 40.8-4.4-13.9-4.3-40.8-1.8-40.8zm-24.4 136.6c9.7-16.9 18-37 24.7-54.7 8.3 15.1 18.9 27.2 30.1 35.5-20.8 4.3-38.9 13.1-54.8 19.2zm131.6-5s-5 6-37.3-7.8c35.1-2.6 40.9 5.4 37.3 7.8z\"><\/path><\/svg>\t\t\t<\/span>\n\t\t\t\t\t\t\t\t\t<span class=\"elementor-button-text\">T\u00e9l\u00e9charger le justificatif d'absence<\/span>\n\t\t\t\t\t<\/span>\n\t\t\t\t\t<\/a>\n\t\t<\/div>\n\t\t\t\t<\/div>\n\t\t\t\t<\/div>\n\t\t\t\t<\/div>\n\t\t\t\t<\/div>\n\t\t<div class=\"elementor-element elementor-element-e7985d7 e-con-full e-flex e-con e-child\" data-id=\"e7985d7\" data-element_type=\"container\" data-settings=\"{&quot;background_background&quot;:&quot;classic&quot;}\">\n\t\t\t\t<div class=\"elementor-element elementor-element-485c39c elementor-widget elementor-widget-text-editor\" data-id=\"485c39c\" data-element_type=\"widget\" data-widget_type=\"text-editor.default\">\n\t\t\t\t<div class=\"elementor-widget-container\">\n\t\t\t\t\t\t\t<h2 style=\"text-align: center;\"><span style=\"color: #662482;\">O<\/span><span style=\"color: #e61b72;\">R<\/span><span style=\"color: #f29100;\">G<\/span><span style=\"color: #d84945;\">A<\/span><span style=\"color: #eb615e;\">N<\/span><span style=\"color: #b08769;\">I<\/span><span style=\"color: #8eb124;\">S<\/span><span style=\"color: #68832a;\">A<\/span><span style=\"color: #00a99f;\">T<\/span><span style=\"color: #1d70b7;\">I<\/span><span style=\"color: #47589a;\">O<\/span><span style=\"color: #662482;\">N<\/span>\u00a0<span style=\"color: #e61b72;\">E<\/span><span style=\"color: #f29100;\">X<\/span><span style=\"color: #d84945;\">T<\/span><span style=\"color: #eb615e;\">R<\/span><span style=\"color: #b08769;\">A<\/span><span style=\"color: #00a99f;\">&#8211;<\/span><span style=\"color: #8eb124;\">S<\/span><span style=\"color: #68832a;\">C<\/span><span style=\"color: #00a99f;\">O<\/span><span style=\"color: #1d70b7;\">L<\/span><span style=\"color: #47589a;\">A<\/span><span style=\"color: #662482;\">I<\/span><span style=\"color: #e61b72;\">R<\/span><span style=\"color: #f29100;\">E<span style=\"color: #d84945;\">S<\/span><\/span><\/h2>\t\t\t\t\t\t<\/div>\n\t\t\t\t<\/div>\n\t\t\t\t<div class=\"elementor-element elementor-element-4ebb356 elementor-widget elementor-widget-text-editor\" data-id=\"4ebb356\" data-element_type=\"widget\" data-widget_type=\"text-editor.default\">\n\t\t\t\t<div class=\"elementor-widget-container\">\n\t\t\t\t\t\t\t<p><strong><em>Extra-scolaire gratuit:<\/em><\/strong><\/p><p>Le matin \u00e0 partir de 8h et jusqu\u2019\u00e0 16h30<br \/>Mercredi jusqu\u2019\u00e0 13h<\/p>\t\t\t\t\t\t<\/div>\n\t\t\t\t<\/div>\n\t\t\t\t<div class=\"elementor-element elementor-element-17ea589 elementor-widget elementor-widget-text-editor\" data-id=\"17ea589\" data-element_type=\"widget\" data-widget_type=\"text-editor.default\">\n\t\t\t\t<div class=\"elementor-widget-container\">\n\t\t\t\t\t\t\t<p><strong><em>Extra-scolaire payant:<\/em><\/strong><\/p>\n<p>\u00abLes P\u2019tits Chenapans\u00bb<br>organis\u00e9 par l\u2019Asbl<br>RAIDS<br>info@raidsenfance.net<\/p>\t\t\t\t\t\t<\/div>\n\t\t\t\t<\/div>\n\t\t\t\t<div class=\"elementor-element elementor-element-8d993b5 elementor-widget elementor-widget-text-editor\" data-id=\"8d993b5\" data-element_type=\"widget\" data-widget_type=\"text-editor.default\">\n\t\t\t\t<div class=\"elementor-widget-container\">\n\t\t\t\t\t\t\t<p>Horaire :<br \/>Lundi &#8211; mardi &#8211; jeudi &#8211; vendredi<br \/>7h15 &#8211; 8h20<br \/>15h30 &#8211; 18h00<br \/>Mercredi<br \/>12h15 &#8211; 18h00<\/p>\t\t\t\t\t\t<\/div>\n\t\t\t\t<\/div>\n\t\t\t\t<div class=\"elementor-element elementor-element-a3069b4 elementor-widget elementor-widget-text-editor\" data-id=\"a3069b4\" data-element_type=\"widget\" data-widget_type=\"text-editor.default\">\n\t\t\t\t<div class=\"elementor-widget-container\">\n\t\t\t\t\t\t\t<p><strong><em>L\u2019\u00e9tude:<\/em><\/strong><br \/>Lundi &#8211; mardi &#8211; jeudi<br \/>15h30 &#8211; 16h30<\/p>\t\t\t\t\t\t<\/div>\n\t\t\t\t<\/div>\n\t\t\t\t<\/div>\n\t\t\t\t\t<\/div>\n\t\t\t\t<\/div>\n\t\t<div class=\"elementor-element elementor-element-6c444ab e-flex e-con-boxed e-con e-parent\" data-id=\"6c444ab\" data-element_type=\"container\">\n\t\t\t\t\t<div class=\"e-con-inner\">\n\t\t\t\t<div class=\"elementor-element elementor-element-99a2240 elementor-widget elementor-widget-spacer\" data-id=\"99a2240\" data-element_type=\"widget\" data-widget_type=\"spacer.default\">\n\t\t\t\t<div class=\"elementor-widget-container\">\n\t\t\t\t\t<div class=\"elementor-spacer\">\n\t\t\t<div class=\"elementor-spacer-inner\"><\/div>\n\t\t<\/div>\n\t\t\t\t<\/div>\n\t\t\t\t<\/div>\n\t\t\t\t\t<\/div>\n\t\t\t\t<\/div>\n\t\t\t\t<\/div>\n\t\t","protected":false},"excerpt":{"rendered":"<p>HORAIRES Maternelle: 8h30 &#8211; 12h1013h30 &#8211; 15h10 Primaire: 8h30 &#8211; 12h1513h30 &#8211; 15h10(ouverture de labarri\u00e8re \u00e0 15h15) L\u2019arriv\u00e9e \u00e0 l\u2019heure est primordiale INSCRIPTIONS Pour toute inscription ou question relative \u00e0 celle-ci, merci de contacter la direction. Nous nous ferons un plaisir de vous pr\u00e9senter l\u2019\u00e9cole, son organisation et ses valeurs lors d\u2019une rencontre. ABSENCES De [&hellip;]<\/p>\n","protected":false},"author":30,"featured_media":0,"parent":0,"menu_order":0,"comment_status":"closed","ping_status":"closed","template":"","meta":{"footnotes":""},"class_list":["post-2112","page","type-page","status-publish","hentry"],"yoast_head":"<!-- This site is optimized with the Yoast SEO plugin v23.6 - https:\/\/yoast.com\/wordpress\/plugins\/seo\/ -->\n<title>Infos pratiques - Charneux<\/title>\n<meta name=\"robots\" content=\"noindex, follow, max-snippet:-1, max-image-preview:large, max-video-preview:-1\" \/>\n<meta property=\"og:locale\" content=\"fr_FR\" \/>\n<meta property=\"og:type\" content=\"article\" \/>\n<meta property=\"og:title\" content=\"Infos pratiques - Charneux\" \/>\n<meta property=\"og:description\" content=\"HORAIRES Maternelle: 8h30 &#8211; 12h1013h30 &#8211; 15h10 Primaire: 8h30 &#8211; 12h1513h30 &#8211; 15h10(ouverture de labarri\u00e8re \u00e0 15h15) L\u2019arriv\u00e9e \u00e0 l\u2019heure est primordiale INSCRIPTIONS Pour toute inscription ou question relative \u00e0 celle-ci, merci de contacter la direction. Nous nous ferons un plaisir de vous pr\u00e9senter l\u2019\u00e9cole, son organisation et ses valeurs lors d\u2019une rencontre. ABSENCES De [&hellip;]\" \/>\n<meta property=\"og:url\" content=\"https:\/\/charneux.be\/preprod\/infos-pratiques\/\" \/>\n<meta property=\"og:site_name\" content=\"Charneux\" \/>\n<meta property=\"article:modified_time\" content=\"2024-10-21T19:03:49+00:00\" \/>\n<meta name=\"twitter:label1\" content=\"Dur\u00e9e de lecture estim\u00e9e\" \/>\n\t<meta name=\"twitter:data1\" content=\"1 minute\" \/>\n<script type=\"application\/ld+json\" class=\"yoast-schema-graph\">{\"@context\":\"https:\/\/schema.org\",\"@graph\":[{\"@type\":\"WebPage\",\"@id\":\"https:\/\/charneux.be\/preprod\/infos-pratiques\/\",\"url\":\"https:\/\/charneux.be\/preprod\/infos-pratiques\/\",\"name\":\"Infos pratiques - Charneux\",\"isPartOf\":{\"@id\":\"https:\/\/charneux.be\/preprod\/#website\"},\"datePublished\":\"2024-09-25T19:44:16+00:00\",\"dateModified\":\"2024-10-21T19:03:49+00:00\",\"breadcrumb\":{\"@id\":\"https:\/\/charneux.be\/preprod\/infos-pratiques\/#breadcrumb\"},\"inLanguage\":\"fr-FR\",\"potentialAction\":[{\"@type\":\"ReadAction\",\"target\":[\"https:\/\/charneux.be\/preprod\/infos-pratiques\/\"]}]},{\"@type\":\"BreadcrumbList\",\"@id\":\"https:\/\/charneux.be\/preprod\/infos-pratiques\/#breadcrumb\",\"itemListElement\":[{\"@type\":\"ListItem\",\"position\":1,\"name\":\"Accueil\",\"item\":\"https:\/\/charneux.be\/preprod\/\"},{\"@type\":\"ListItem\",\"position\":2,\"name\":\"Infos pratiques\"}]},{\"@type\":\"WebSite\",\"@id\":\"https:\/\/charneux.be\/preprod\/#website\",\"url\":\"https:\/\/charneux.be\/preprod\/\",\"name\":\"Charneux\",\"description\":\"\",\"publisher\":{\"@id\":\"https:\/\/charneux.be\/preprod\/#organization\"},\"potentialAction\":[{\"@type\":\"SearchAction\",\"target\":{\"@type\":\"EntryPoint\",\"urlTemplate\":\"https:\/\/charneux.be\/preprod\/?s={search_term_string}\"},\"query-input\":{\"@type\":\"PropertyValueSpecification\",\"valueRequired\":true,\"valueName\":\"search_term_string\"}}],\"inLanguage\":\"fr-FR\"},{\"@type\":\"Organization\",\"@id\":\"https:\/\/charneux.be\/preprod\/#organization\",\"name\":\"Ecole libre de Charneux\",\"url\":\"https:\/\/charneux.be\/preprod\/\",\"logo\":{\"@type\":\"ImageObject\",\"inLanguage\":\"fr-FR\",\"@id\":\"https:\/\/charneux.be\/preprod\/#\/schema\/logo\/image\/\",\"url\":\"https:\/\/charneux.be\/preprod\/wp-content\/uploads\/2024\/08\/cropped-Logo-bleu.png\",\"contentUrl\":\"https:\/\/charneux.be\/preprod\/wp-content\/uploads\/2024\/08\/cropped-Logo-bleu.png\",\"width\":480,\"height\":799,\"caption\":\"Ecole libre de Charneux\"},\"image\":{\"@id\":\"https:\/\/charneux.be\/preprod\/#\/schema\/logo\/image\/\"}}]}<\/script>\n<!-- \/ Yoast SEO plugin. -->","yoast_head_json":{"title":"Infos pratiques - Charneux","robots":{"index":"noindex","follow":"follow","max-snippet":"max-snippet:-1","max-image-preview":"max-image-preview:large","max-video-preview":"max-video-preview:-1"},"og_locale":"fr_FR","og_type":"article","og_title":"Infos pratiques - Charneux","og_description":"HORAIRES Maternelle: 8h30 &#8211; 12h1013h30 &#8211; 15h10 Primaire: 8h30 &#8211; 12h1513h30 &#8211; 15h10(ouverture de labarri\u00e8re \u00e0 15h15) L\u2019arriv\u00e9e \u00e0 l\u2019heure est primordiale INSCRIPTIONS Pour toute inscription ou question relative \u00e0 celle-ci, merci de contacter la direction. Nous nous ferons un plaisir de vous pr\u00e9senter l\u2019\u00e9cole, son organisation et ses valeurs lors d\u2019une rencontre. ABSENCES De [&hellip;]","og_url":"https:\/\/charneux.be\/preprod\/infos-pratiques\/","og_site_name":"Charneux","article_modified_time":"2024-10-21T19:03:49+00:00","twitter_misc":{"Dur\u00e9e de lecture estim\u00e9e":"1 minute"},"schema":{"@context":"https:\/\/schema.org","@graph":[{"@type":"WebPage","@id":"https:\/\/charneux.be\/preprod\/infos-pratiques\/","url":"https:\/\/charneux.be\/preprod\/infos-pratiques\/","name":"Infos pratiques - Charneux","isPartOf":{"@id":"https:\/\/charneux.be\/preprod\/#website"},"datePublished":"2024-09-25T19:44:16+00:00","dateModified":"2024-10-21T19:03:49+00:00","breadcrumb":{"@id":"https:\/\/charneux.be\/preprod\/infos-pratiques\/#breadcrumb"},"inLanguage":"fr-FR","potentialAction":[{"@type":"ReadAction","target":["https:\/\/charneux.be\/preprod\/infos-pratiques\/"]}]},{"@type":"BreadcrumbList","@id":"https:\/\/charneux.be\/preprod\/infos-pratiques\/#breadcrumb","itemListElement":[{"@type":"ListItem","position":1,"name":"Accueil","item":"https:\/\/charneux.be\/preprod\/"},{"@type":"ListItem","position":2,"name":"Infos pratiques"}]},{"@type":"WebSite","@id":"https:\/\/charneux.be\/preprod\/#website","url":"https:\/\/charneux.be\/preprod\/","name":"Charneux","description":"","publisher":{"@id":"https:\/\/charneux.be\/preprod\/#organization"},"potentialAction":[{"@type":"SearchAction","target":{"@type":"EntryPoint","urlTemplate":"https:\/\/charneux.be\/preprod\/?s={search_term_string}"},"query-input":{"@type":"PropertyValueSpecification","valueRequired":true,"valueName":"search_term_string"}}],"inLanguage":"fr-FR"},{"@type":"Organization","@id":"https:\/\/charneux.be\/preprod\/#organization","name":"Ecole libre de Charneux","url":"https:\/\/charneux.be\/preprod\/","logo":{"@type":"ImageObject","inLanguage":"fr-FR","@id":"https:\/\/charneux.be\/preprod\/#\/schema\/logo\/image\/","url":"https:\/\/charneux.be\/preprod\/wp-content\/uploads\/2024\/08\/cropped-Logo-bleu.png","contentUrl":"https:\/\/charneux.be\/preprod\/wp-content\/uploads\/2024\/08\/cropped-Logo-bleu.png","width":480,"height":799,"caption":"Ecole libre de Charneux"},"image":{"@id":"https:\/\/charneux.be\/preprod\/#\/schema\/logo\/image\/"}}]}},"_links":{"self":[{"href":"https:\/\/charneux.be\/preprod\/wp-json\/wp\/v2\/pages\/2112","targetHints":{"allow":["GET"]}}],"collection":[{"href":"https:\/\/charneux.be\/preprod\/wp-json\/wp\/v2\/pages"}],"about":[{"href":"https:\/\/charneux.be\/preprod\/wp-json\/wp\/v2\/types\/page"}],"author":[{"embeddable":true,"href":"https:\/\/charneux.be\/preprod\/wp-json\/wp\/v2\/users\/30"}],"replies":[{"embeddable":true,"href":"https:\/\/charneux.be\/preprod\/wp-json\/wp\/v2\/comments?post=2112"}],"version-history":[{"count":170,"href":"https:\/\/charneux.be\/preprod\/wp-json\/wp\/v2\/pages\/2112\/revisions"}],"predecessor-version":[{"id":3072,"href":"https:\/\/charneux.be\/preprod\/wp-json\/wp\/v2\/pages\/2112\/revisions\/3072"}],"wp:attachment":[{"href":"https:\/\/charneux.be\/preprod\/wp-json\/wp\/v2\/media?parent=2112"}],"curies":[{"name":"wp","href":"https:\/\/api.w.org\/{rel}","templated":true}]}}