{"id":2418,"date":"2024-10-08T17:40:38","date_gmt":"2024-10-08T15:40:38","guid":{"rendered":"https:\/\/charneux.be\/preprod\/?page_id=2418"},"modified":"2024-10-21T21:00:09","modified_gmt":"2024-10-21T19:00:09","slug":"lequipe","status":"publish","type":"page","link":"https:\/\/charneux.be\/preprod\/lequipe\/","title":{"rendered":"L&rsquo;\u00e9quipe"},"content":{"rendered":"\t\t<div data-elementor-type=\"wp-page\" data-elementor-id=\"2418\" class=\"elementor elementor-2418\" data-elementor-post-type=\"page\">\n\t\t\t\t<div class=\"elementor-element elementor-element-7a6c609 e-flex e-con-boxed e-con e-parent\" data-id=\"7a6c609\" data-element_type=\"container\">\n\t\t\t\t\t<div class=\"e-con-inner\">\n\t\t\t\t\t<\/div>\n\t\t\t\t<\/div>\n\t\t<div class=\"elementor-element elementor-element-82d5341 e-con-full e-flex e-con e-parent\" data-id=\"82d5341\" data-element_type=\"container\">\n\t\t\t\t<div class=\"elementor-element elementor-element-f69cb8b elementor-widget elementor-widget-text-editor\" data-id=\"f69cb8b\" data-element_type=\"widget\" data-widget_type=\"text-editor.default\">\n\t\t\t\t<div class=\"elementor-widget-container\">\n\t\t\t\t\t\t\t<h3 style=\"text-align: center;\"><span style=\"color: #d84945;\">E<\/span><span style=\"color: #eb615e;\">N<\/span><span style=\"color: #b69175;\">S<\/span><span style=\"color: #8eb124;\">E<\/span><span style=\"color: #68832a;\">M<span style=\"color: #00a99f;\">B<\/span><\/span><span style=\"color: #1d70b7;\">L<\/span><span style=\"color: #47589a;\">E<\/span><span style=\"color: #662482;\">, <\/span><span style=\"color: #e61b72;\">T<\/span><span style=\"color: #f29100;\">O<\/span><span style=\"color: #d84945;\">U<\/span><span style=\"color: #eb615e;\">T<\/span> <span style=\"color: #b69175;\">E<\/span><span style=\"color: #8eb124;\">S<\/span><span style=\"color: #68832a;\">T<\/span> <span style=\"color: #00a99f;\">P<\/span><span style=\"color: #1d70b7;\">O<\/span><span style=\"color: #47589a;\">S<\/span><span style=\"color: #662482;\">S<\/span><span style=\"color: #e61b72;\">I<\/span><span style=\"color: #f29100;\">B<\/span><span style=\"color: #d84945;\">L<\/span><span style=\"color: #eb615e;\">E<\/span> <span style=\"color: #b69175;\">!<\/span><\/h3>\t\t\t\t\t\t<\/div>\n\t\t\t\t<\/div>\n\t\t\t\t<div class=\"elementor-element elementor-element-1af6b6b elementor-widget elementor-widget-text-editor\" data-id=\"1af6b6b\" data-element_type=\"widget\" data-widget_type=\"text-editor.default\">\n\t\t\t\t<div class=\"elementor-widget-container\">\n\t\t\t\t\t\t\t<p style=\"text-align: center;\"><span style=\"font-weight: 550;\">\u00ab Tout groupe humain prend sa richesse dans la communication, l\u2019entraide et la solidarit\u00e9 visant \u00e0 un but commun : l\u2019\u00e9panouissement de chacun dans le respect des diff\u00e9rences. \u00bb<\/span><br \/>Fran\u00e7oise Dolto<\/p>\t\t\t\t\t\t<\/div>\n\t\t\t\t<\/div>\n\t\t\t\t<\/div>\n\t\t<div class=\"elementor-element elementor-element-9e8a557 e-con-full e-flex e-con e-parent\" data-id=\"9e8a557\" data-element_type=\"container\" data-settings=\"{&quot;background_background&quot;:&quot;classic&quot;}\">\n\t\t\t\t<div class=\"elementor-element elementor-element-a034856 elementor-widget__width-initial elementor-absolute elementor-invisible elementor-widget elementor-widget-image\" data-id=\"a034856\" data-element_type=\"widget\" data-settings=\"{&quot;_position&quot;:&quot;absolute&quot;,&quot;_animation&quot;:&quot;fadeInUp&quot;}\" data-widget_type=\"image.default\">\n\t\t\t\t<div class=\"elementor-widget-container\">\n\t\t\t\t\t\t\t\t\t\t\t\t\t<img fetchpriority=\"high\" decoding=\"async\" width=\"187\" height=\"320\" src=\"https:\/\/charneux.be\/preprod\/wp-content\/uploads\/2024\/10\/Ballon-fond-transparent.png\" class=\"attachment-featured-image size-featured-image wp-image-2442\" alt=\"\" srcset=\"https:\/\/charneux.be\/preprod\/wp-content\/uploads\/2024\/10\/Ballon-fond-transparent.png 187w, https:\/\/charneux.be\/preprod\/wp-content\/uploads\/2024\/10\/Ballon-fond-transparent-175x300.png 175w\" sizes=\"(max-width: 187px) 100vw, 187px\" \/>\t\t\t\t\t\t\t\t\t\t\t\t\t<\/div>\n\t\t\t\t<\/div>\n\t\t\t\t<div class=\"elementor-element elementor-element-0fdba34 elementor-widget__width-initial elementor-absolute elementor-invisible elementor-widget elementor-widget-image\" data-id=\"0fdba34\" data-element_type=\"widget\" data-settings=\"{&quot;_position&quot;:&quot;absolute&quot;,&quot;_animation&quot;:&quot;fadeInUp&quot;}\" data-widget_type=\"image.default\">\n\t\t\t\t<div class=\"elementor-widget-container\">\n\t\t\t\t\t\t\t\t\t\t\t\t\t<img fetchpriority=\"high\" decoding=\"async\" width=\"187\" height=\"320\" src=\"https:\/\/charneux.be\/preprod\/wp-content\/uploads\/2024\/10\/Ballon-fond-transparent.png\" class=\"attachment-featured-image size-featured-image wp-image-2442\" alt=\"\" srcset=\"https:\/\/charneux.be\/preprod\/wp-content\/uploads\/2024\/10\/Ballon-fond-transparent.png 187w, https:\/\/charneux.be\/preprod\/wp-content\/uploads\/2024\/10\/Ballon-fond-transparent-175x300.png 175w\" sizes=\"(max-width: 187px) 100vw, 187px\" \/>\t\t\t\t\t\t\t\t\t\t\t\t\t<\/div>\n\t\t\t\t<\/div>\n\t\t<div class=\"elementor-element elementor-element-fb9e220 e-con-full e-transform e-flex elementor-invisible e-con e-child\" data-id=\"fb9e220\" data-element_type=\"container\" data-settings=\"{&quot;background_background&quot;:&quot;classic&quot;,&quot;position&quot;:&quot;absolute&quot;,&quot;motion_fx_motion_fx_scrolling&quot;:&quot;yes&quot;,&quot;animation&quot;:&quot;fadeInUp&quot;,&quot;motion_fx_devices&quot;:[&quot;desktop&quot;,&quot;tablet&quot;,&quot;mobile&quot;],&quot;_transform_scale_effect&quot;:{&quot;unit&quot;:&quot;px&quot;,&quot;size&quot;:&quot;&quot;,&quot;sizes&quot;:[]},&quot;_transform_scale_effect_tablet&quot;:{&quot;unit&quot;:&quot;px&quot;,&quot;size&quot;:&quot;&quot;,&quot;sizes&quot;:[]},&quot;_transform_scale_effect_mobile&quot;:{&quot;unit&quot;:&quot;px&quot;,&quot;size&quot;:&quot;&quot;,&quot;sizes&quot;:[]}}\">\n\t\t\t\t<div class=\"elementor-element elementor-element-d0b5037 elementor-widget elementor-widget-text-editor\" data-id=\"d0b5037\" data-element_type=\"widget\" data-widget_type=\"text-editor.default\">\n\t\t\t\t<div class=\"elementor-widget-container\">\n\t\t\t\t\t\t\t<p style=\"text-align: center;\"><strong>Direction<\/strong><br \/>Isabelle BELBOOM<\/p><p style=\"text-align: center;\"><strong>Equipe secr\u00e9tariat<\/strong><br \/>Claudy CHARLIER<br \/>Laurent FLAVION<\/p>\t\t\t\t\t\t<\/div>\n\t\t\t\t<\/div>\n\t\t\t\t<\/div>\n\t\t<div class=\"elementor-element elementor-element-5141060 e-con-full e-transform e-flex elementor-invisible e-con e-child\" data-id=\"5141060\" data-element_type=\"container\" data-settings=\"{&quot;background_background&quot;:&quot;classic&quot;,&quot;position&quot;:&quot;absolute&quot;,&quot;animation&quot;:&quot;fadeInUp&quot;,&quot;_transform_scale_effect&quot;:{&quot;unit&quot;:&quot;px&quot;,&quot;size&quot;:&quot;&quot;,&quot;sizes&quot;:[]},&quot;_transform_scale_effect_tablet&quot;:{&quot;unit&quot;:&quot;px&quot;,&quot;size&quot;:&quot;&quot;,&quot;sizes&quot;:[]},&quot;_transform_scale_effect_mobile&quot;:{&quot;unit&quot;:&quot;px&quot;,&quot;size&quot;:&quot;&quot;,&quot;sizes&quot;:[]}}\">\n\t\t\t\t<div class=\"elementor-element elementor-element-76a82ca elementor-widget elementor-widget-text-editor\" data-id=\"76a82ca\" data-element_type=\"widget\" data-widget_type=\"text-editor.default\">\n\t\t\t\t<div class=\"elementor-widget-container\">\n\t\t\t\t\t\t\t<p style=\"text-align: center;\"><strong>Pouvoir organisateur<\/strong><br>Pr\u00e9sidente:<br>Laurence SIMON<\/p>\n<p style=\"text-align: center;\"><strong>Association de parents<\/strong><br>Pr\u00e9sident:<br>Simon THEUNISSEN<\/p>\t\t\t\t\t\t<\/div>\n\t\t\t\t<\/div>\n\t\t\t\t<\/div>\n\t\t<div class=\"elementor-element elementor-element-f8ddb7e e-con-full e-transform e-flex elementor-invisible e-con e-child\" data-id=\"f8ddb7e\" data-element_type=\"container\" data-settings=\"{&quot;background_background&quot;:&quot;classic&quot;,&quot;position&quot;:&quot;absolute&quot;,&quot;animation&quot;:&quot;fadeInUp&quot;,&quot;_transform_scale_effect&quot;:{&quot;unit&quot;:&quot;px&quot;,&quot;size&quot;:&quot;&quot;,&quot;sizes&quot;:[]},&quot;_transform_scale_effect_tablet&quot;:{&quot;unit&quot;:&quot;px&quot;,&quot;size&quot;:&quot;&quot;,&quot;sizes&quot;:[]},&quot;_transform_scale_effect_mobile&quot;:{&quot;unit&quot;:&quot;px&quot;,&quot;size&quot;:&quot;&quot;,&quot;sizes&quot;:[]}}\">\n\t\t\t\t<div class=\"elementor-element elementor-element-85b1ca9 elementor-widget elementor-widget-text-editor\" data-id=\"85b1ca9\" data-element_type=\"widget\" data-widget_type=\"text-editor.default\">\n\t\t\t\t<div class=\"elementor-widget-container\">\n\t\t\t\t\t\t\t<p style=\"text-align: center;\"><strong>Equipe maternelle<\/strong><\/p><p style=\"text-align: center;\">St\u00e9phanie AHN<br \/>Fabienne CHAP<br \/>Sabine D\u2019AFFNAY<br \/>Alexandra FASSIN<br \/>Wendy NAWAY<br \/>Anne-Fran\u00e7oise SCHYNS<br \/>&#8230;<\/p>\t\t\t\t\t\t<\/div>\n\t\t\t\t<\/div>\n\t\t\t\t<\/div>\n\t\t<div class=\"elementor-element elementor-element-db2a9a8 e-con-full e-transform e-flex elementor-invisible e-con e-child\" data-id=\"db2a9a8\" data-element_type=\"container\" data-settings=\"{&quot;background_background&quot;:&quot;classic&quot;,&quot;position&quot;:&quot;absolute&quot;,&quot;motion_fx_motion_fx_scrolling&quot;:&quot;yes&quot;,&quot;animation&quot;:&quot;fadeInUp&quot;,&quot;motion_fx_devices&quot;:[&quot;desktop&quot;,&quot;tablet&quot;,&quot;mobile&quot;],&quot;_transform_scale_effect&quot;:{&quot;unit&quot;:&quot;px&quot;,&quot;size&quot;:&quot;&quot;,&quot;sizes&quot;:[]},&quot;_transform_scale_effect_tablet&quot;:{&quot;unit&quot;:&quot;px&quot;,&quot;size&quot;:&quot;&quot;,&quot;sizes&quot;:[]},&quot;_transform_scale_effect_mobile&quot;:{&quot;unit&quot;:&quot;px&quot;,&quot;size&quot;:&quot;&quot;,&quot;sizes&quot;:[]}}\">\n\t\t\t\t<div class=\"elementor-element elementor-element-23fe6b8 elementor-widget elementor-widget-text-editor\" data-id=\"23fe6b8\" data-element_type=\"widget\" data-widget_type=\"text-editor.default\">\n\t\t\t\t<div class=\"elementor-widget-container\">\n\t\t\t\t\t\t\t<p style=\"text-align: center;\"><strong>Ma\u00eetres sp\u00e9ciaux<\/strong><\/p><p style=\"text-align: center;\"><em>Psychomotricit\u00e9 :<\/em><br \/>Alexandra FASSIN<\/p><p style=\"text-align: center;\"><em>Education physique:<\/em><br \/><em>Fabien HOOGGE<\/em><\/p><p style=\"text-align: center;\"><em>Seconde langue:<\/em><br \/>Elo\u00efse DEBOUGNOUX<\/p>\t\t\t\t\t\t<\/div>\n\t\t\t\t<\/div>\n\t\t\t\t<\/div>\n\t\t<div class=\"elementor-element elementor-element-179e34d e-con-full e-transform e-flex elementor-invisible e-con e-child\" data-id=\"179e34d\" data-element_type=\"container\" data-settings=\"{&quot;background_background&quot;:&quot;classic&quot;,&quot;position&quot;:&quot;absolute&quot;,&quot;animation&quot;:&quot;fadeInUp&quot;,&quot;_transform_scale_effect&quot;:{&quot;unit&quot;:&quot;px&quot;,&quot;size&quot;:&quot;&quot;,&quot;sizes&quot;:[]},&quot;_transform_scale_effect_tablet&quot;:{&quot;unit&quot;:&quot;px&quot;,&quot;size&quot;:&quot;&quot;,&quot;sizes&quot;:[]},&quot;_transform_scale_effect_mobile&quot;:{&quot;unit&quot;:&quot;px&quot;,&quot;size&quot;:&quot;&quot;,&quot;sizes&quot;:[]}}\">\n\t\t\t\t<div class=\"elementor-element elementor-element-a96fa97 elementor-widget__width-auto elementor-widget elementor-widget-text-editor\" data-id=\"a96fa97\" data-element_type=\"widget\" data-widget_type=\"text-editor.default\">\n\t\t\t\t<div class=\"elementor-widget-container\">\n\t\t\t\t\t\t\t<p style=\"text-align: center;\"><strong>Equipe primaire<\/strong><\/p><p style=\"text-align: center;\">Sandrine CARO<br \/>Cristhine CHARLIER<br \/>Gilles COLLINGS<br \/>Eliane D\u2019AFFNAY<br \/>Mariette ERNST<br \/>M\u00e9lanie HABAY<br \/>Romane PIRON<br \/>Christine STASSEN<br \/>Vinciane STRAETEN<\/p>\t\t\t\t\t\t<\/div>\n\t\t\t\t<\/div>\n\t\t\t\t<\/div>\n\t\t<div class=\"elementor-element elementor-element-7883a8a e-con-full e-transform e-flex elementor-invisible e-con e-child\" data-id=\"7883a8a\" data-element_type=\"container\" data-settings=\"{&quot;background_background&quot;:&quot;classic&quot;,&quot;position&quot;:&quot;absolute&quot;,&quot;animation&quot;:&quot;fadeInUp&quot;,&quot;_transform_scale_effect&quot;:{&quot;unit&quot;:&quot;px&quot;,&quot;size&quot;:&quot;&quot;,&quot;sizes&quot;:[]},&quot;_transform_scale_effect_tablet&quot;:{&quot;unit&quot;:&quot;px&quot;,&quot;size&quot;:&quot;&quot;,&quot;sizes&quot;:[]},&quot;_transform_scale_effect_mobile&quot;:{&quot;unit&quot;:&quot;px&quot;,&quot;size&quot;:&quot;&quot;,&quot;sizes&quot;:[]}}\">\n\t\t\t\t<div class=\"elementor-element elementor-element-fee6e36 elementor-widget elementor-widget-text-editor\" data-id=\"fee6e36\" data-element_type=\"widget\" data-widget_type=\"text-editor.default\">\n\t\t\t\t<div class=\"elementor-widget-container\">\n\t\t\t\t\t\t\t<p style=\"text-align: center;\"><strong>Equipe des accueuillant(e)s<\/strong><\/p><p style=\"text-align: center;\">S\u00e9verine LABALUE<br \/>Arlette WERTS<br \/>&#8230;<\/p><p style=\"text-align: center;\"><strong>Equipe nettoyage \u00e9cole<\/strong><\/p><p style=\"text-align: center;\">M\u00e9lanie CONSTANT<br \/>S\u00e9verine LABALUE<br \/>&#8230;<\/p>\t\t\t\t\t\t<\/div>\n\t\t\t\t<\/div>\n\t\t\t\t<\/div>\n\t\t<div class=\"elementor-element elementor-element-1de67d7 e-con-full e-transform e-flex elementor-invisible e-con e-child\" data-id=\"1de67d7\" data-element_type=\"container\" data-settings=\"{&quot;background_background&quot;:&quot;classic&quot;,&quot;position&quot;:&quot;absolute&quot;,&quot;animation&quot;:&quot;fadeInUp&quot;,&quot;_transform_scale_effect&quot;:{&quot;unit&quot;:&quot;px&quot;,&quot;size&quot;:&quot;&quot;,&quot;sizes&quot;:[]},&quot;_transform_scale_effect_tablet&quot;:{&quot;unit&quot;:&quot;px&quot;,&quot;size&quot;:&quot;&quot;,&quot;sizes&quot;:[]},&quot;_transform_scale_effect_mobile&quot;:{&quot;unit&quot;:&quot;px&quot;,&quot;size&quot;:&quot;&quot;,&quot;sizes&quot;:[]}}\">\n\t\t\t\t<div class=\"elementor-element elementor-element-648a92c elementor-widget elementor-widget-text-editor\" data-id=\"648a92c\" data-element_type=\"widget\" data-widget_type=\"text-editor.default\">\n\t\t\t\t<div class=\"elementor-widget-container\">\n\t\t\t\t\t\t\t<p style=\"text-align: center;\"><strong>C<\/strong>entre <strong>p<\/strong>sycho <strong>m<\/strong>\u00e9dico <strong>s<\/strong>ocialde Verviers<\/p><p style=\"text-align: center;\"><strong>P\u00f4le<\/strong> territoriale de Dolhain<\/p><p style=\"text-align: center;\"><strong>PSE\u00a0<\/strong>du centre li\u00e9geois de M\u00e9decine pr\u00e9ventive<\/p>\t\t\t\t\t\t<\/div>\n\t\t\t\t<\/div>\n\t\t\t\t<\/div>\n\t\t<div class=\"elementor-element elementor-element-d18d400 e-con-full e-transform e-flex elementor-invisible e-con e-child\" data-id=\"d18d400\" data-element_type=\"container\" data-settings=\"{&quot;background_background&quot;:&quot;classic&quot;,&quot;position&quot;:&quot;absolute&quot;,&quot;animation&quot;:&quot;fadeInUp&quot;,&quot;_transform_scale_effect&quot;:{&quot;unit&quot;:&quot;px&quot;,&quot;size&quot;:&quot;&quot;,&quot;sizes&quot;:[]},&quot;_transform_scale_effect_tablet&quot;:{&quot;unit&quot;:&quot;px&quot;,&quot;size&quot;:&quot;&quot;,&quot;sizes&quot;:[]},&quot;_transform_scale_effect_mobile&quot;:{&quot;unit&quot;:&quot;px&quot;,&quot;size&quot;:&quot;&quot;,&quot;sizes&quot;:[]}}\">\n\t\t\t\t<div class=\"elementor-element elementor-element-6d7f183 elementor-widget elementor-widget-text-editor\" data-id=\"6d7f183\" data-element_type=\"widget\" data-widget_type=\"text-editor.default\">\n\t\t\t\t<div class=\"elementor-widget-container\">\n\t\t\t\t\t\t\t<p style=\"text-align: center;\">&#8230;<\/p>\t\t\t\t\t\t<\/div>\n\t\t\t\t<\/div>\n\t\t\t\t<\/div>\n\t\t\t\t<\/div>\n\t\t\t\t<\/div>\n\t\t","protected":false},"excerpt":{"rendered":"<p>ENSEMBLE, TOUT EST POSSIBLE ! \u00ab Tout groupe humain prend sa richesse dans la communication, l\u2019entraide et la solidarit\u00e9 visant \u00e0 un but commun : l\u2019\u00e9panouissement de chacun dans le respect des diff\u00e9rences. \u00bbFran\u00e7oise Dolto DirectionIsabelle BELBOOM Equipe secr\u00e9tariatClaudy CHARLIERLaurent FLAVION Pouvoir organisateurPr\u00e9sidente:Laurence SIMON Association de parentsPr\u00e9sident:Simon THEUNISSEN Equipe maternelle St\u00e9phanie AHNFabienne CHAPSabine D\u2019AFFNAYAlexandra FASSINWendy [&hellip;]<\/p>\n","protected":false},"author":30,"featured_media":0,"parent":0,"menu_order":0,"comment_status":"closed","ping_status":"closed","template":"","meta":{"footnotes":""},"class_list":["post-2418","page","type-page","status-publish","hentry"],"yoast_head":"<!-- This site is optimized with the Yoast SEO plugin v23.6 - https:\/\/yoast.com\/wordpress\/plugins\/seo\/ -->\n<title>L&#039;\u00e9quipe - Charneux<\/title>\n<meta name=\"robots\" content=\"noindex, follow, max-snippet:-1, max-image-preview:large, max-video-preview:-1\" \/>\n<meta property=\"og:locale\" content=\"fr_FR\" \/>\n<meta property=\"og:type\" content=\"article\" \/>\n<meta property=\"og:title\" content=\"L&#039;\u00e9quipe - Charneux\" \/>\n<meta property=\"og:description\" content=\"ENSEMBLE, TOUT EST POSSIBLE ! \u00ab Tout groupe humain prend sa richesse dans la communication, l\u2019entraide et la solidarit\u00e9 visant \u00e0 un but commun : l\u2019\u00e9panouissement de chacun dans le respect des diff\u00e9rences. \u00bbFran\u00e7oise Dolto DirectionIsabelle BELBOOM Equipe secr\u00e9tariatClaudy CHARLIERLaurent FLAVION Pouvoir organisateurPr\u00e9sidente:Laurence SIMON Association de parentsPr\u00e9sident:Simon THEUNISSEN Equipe maternelle St\u00e9phanie AHNFabienne CHAPSabine D\u2019AFFNAYAlexandra FASSINWendy [&hellip;]\" \/>\n<meta property=\"og:url\" content=\"https:\/\/charneux.be\/preprod\/lequipe\/\" \/>\n<meta property=\"og:site_name\" content=\"Charneux\" \/>\n<meta property=\"article:modified_time\" content=\"2024-10-21T19:00:09+00:00\" \/>\n<meta property=\"og:image\" content=\"https:\/\/charneux.be\/preprod\/wp-content\/uploads\/2024\/10\/Ballon-fond-transparent.png\" \/>\n\t<meta property=\"og:image:width\" content=\"187\" \/>\n\t<meta property=\"og:image:height\" content=\"320\" \/>\n\t<meta property=\"og:image:type\" content=\"image\/png\" \/>\n<meta name=\"twitter:label1\" content=\"Dur\u00e9e de lecture estim\u00e9e\" \/>\n\t<meta name=\"twitter:data1\" content=\"2 minutes\" \/>\n<script type=\"application\/ld+json\" class=\"yoast-schema-graph\">{\"@context\":\"https:\/\/schema.org\",\"@graph\":[{\"@type\":\"WebPage\",\"@id\":\"https:\/\/charneux.be\/preprod\/lequipe\/\",\"url\":\"https:\/\/charneux.be\/preprod\/lequipe\/\",\"name\":\"L'\u00e9quipe - Charneux\",\"isPartOf\":{\"@id\":\"https:\/\/charneux.be\/preprod\/#website\"},\"primaryImageOfPage\":{\"@id\":\"https:\/\/charneux.be\/preprod\/lequipe\/#primaryimage\"},\"image\":{\"@id\":\"https:\/\/charneux.be\/preprod\/lequipe\/#primaryimage\"},\"thumbnailUrl\":\"https:\/\/charneux.be\/preprod\/wp-content\/uploads\/2024\/10\/Ballon-fond-transparent.png\",\"datePublished\":\"2024-10-08T15:40:38+00:00\",\"dateModified\":\"2024-10-21T19:00:09+00:00\",\"breadcrumb\":{\"@id\":\"https:\/\/charneux.be\/preprod\/lequipe\/#breadcrumb\"},\"inLanguage\":\"fr-FR\",\"potentialAction\":[{\"@type\":\"ReadAction\",\"target\":[\"https:\/\/charneux.be\/preprod\/lequipe\/\"]}]},{\"@type\":\"ImageObject\",\"inLanguage\":\"fr-FR\",\"@id\":\"https:\/\/charneux.be\/preprod\/lequipe\/#primaryimage\",\"url\":\"https:\/\/charneux.be\/preprod\/wp-content\/uploads\/2024\/10\/Ballon-fond-transparent.png\",\"contentUrl\":\"https:\/\/charneux.be\/preprod\/wp-content\/uploads\/2024\/10\/Ballon-fond-transparent.png\",\"width\":187,\"height\":320},{\"@type\":\"BreadcrumbList\",\"@id\":\"https:\/\/charneux.be\/preprod\/lequipe\/#breadcrumb\",\"itemListElement\":[{\"@type\":\"ListItem\",\"position\":1,\"name\":\"Accueil\",\"item\":\"https:\/\/charneux.be\/preprod\/\"},{\"@type\":\"ListItem\",\"position\":2,\"name\":\"L&rsquo;\u00e9quipe\"}]},{\"@type\":\"WebSite\",\"@id\":\"https:\/\/charneux.be\/preprod\/#website\",\"url\":\"https:\/\/charneux.be\/preprod\/\",\"name\":\"Charneux\",\"description\":\"\",\"publisher\":{\"@id\":\"https:\/\/charneux.be\/preprod\/#organization\"},\"potentialAction\":[{\"@type\":\"SearchAction\",\"target\":{\"@type\":\"EntryPoint\",\"urlTemplate\":\"https:\/\/charneux.be\/preprod\/?s={search_term_string}\"},\"query-input\":{\"@type\":\"PropertyValueSpecification\",\"valueRequired\":true,\"valueName\":\"search_term_string\"}}],\"inLanguage\":\"fr-FR\"},{\"@type\":\"Organization\",\"@id\":\"https:\/\/charneux.be\/preprod\/#organization\",\"name\":\"Ecole libre de Charneux\",\"url\":\"https:\/\/charneux.be\/preprod\/\",\"logo\":{\"@type\":\"ImageObject\",\"inLanguage\":\"fr-FR\",\"@id\":\"https:\/\/charneux.be\/preprod\/#\/schema\/logo\/image\/\",\"url\":\"https:\/\/charneux.be\/preprod\/wp-content\/uploads\/2024\/08\/cropped-Logo-bleu.png\",\"contentUrl\":\"https:\/\/charneux.be\/preprod\/wp-content\/uploads\/2024\/08\/cropped-Logo-bleu.png\",\"width\":480,\"height\":799,\"caption\":\"Ecole libre de Charneux\"},\"image\":{\"@id\":\"https:\/\/charneux.be\/preprod\/#\/schema\/logo\/image\/\"}}]}<\/script>\n<!-- \/ Yoast SEO plugin. -->","yoast_head_json":{"title":"L'\u00e9quipe - Charneux","robots":{"index":"noindex","follow":"follow","max-snippet":"max-snippet:-1","max-image-preview":"max-image-preview:large","max-video-preview":"max-video-preview:-1"},"og_locale":"fr_FR","og_type":"article","og_title":"L'\u00e9quipe - Charneux","og_description":"ENSEMBLE, TOUT EST POSSIBLE ! \u00ab Tout groupe humain prend sa richesse dans la communication, l\u2019entraide et la solidarit\u00e9 visant \u00e0 un but commun : l\u2019\u00e9panouissement de chacun dans le respect des diff\u00e9rences. \u00bbFran\u00e7oise Dolto DirectionIsabelle BELBOOM Equipe secr\u00e9tariatClaudy CHARLIERLaurent FLAVION Pouvoir organisateurPr\u00e9sidente:Laurence SIMON Association de parentsPr\u00e9sident:Simon THEUNISSEN Equipe maternelle St\u00e9phanie AHNFabienne CHAPSabine D\u2019AFFNAYAlexandra FASSINWendy [&hellip;]","og_url":"https:\/\/charneux.be\/preprod\/lequipe\/","og_site_name":"Charneux","article_modified_time":"2024-10-21T19:00:09+00:00","og_image":[{"width":187,"height":320,"url":"https:\/\/charneux.be\/preprod\/wp-content\/uploads\/2024\/10\/Ballon-fond-transparent.png","type":"image\/png"}],"twitter_misc":{"Dur\u00e9e de lecture estim\u00e9e":"2 minutes"},"schema":{"@context":"https:\/\/schema.org","@graph":[{"@type":"WebPage","@id":"https:\/\/charneux.be\/preprod\/lequipe\/","url":"https:\/\/charneux.be\/preprod\/lequipe\/","name":"L'\u00e9quipe - Charneux","isPartOf":{"@id":"https:\/\/charneux.be\/preprod\/#website"},"primaryImageOfPage":{"@id":"https:\/\/charneux.be\/preprod\/lequipe\/#primaryimage"},"image":{"@id":"https:\/\/charneux.be\/preprod\/lequipe\/#primaryimage"},"thumbnailUrl":"https:\/\/charneux.be\/preprod\/wp-content\/uploads\/2024\/10\/Ballon-fond-transparent.png","datePublished":"2024-10-08T15:40:38+00:00","dateModified":"2024-10-21T19:00:09+00:00","breadcrumb":{"@id":"https:\/\/charneux.be\/preprod\/lequipe\/#breadcrumb"},"inLanguage":"fr-FR","potentialAction":[{"@type":"ReadAction","target":["https:\/\/charneux.be\/preprod\/lequipe\/"]}]},{"@type":"ImageObject","inLanguage":"fr-FR","@id":"https:\/\/charneux.be\/preprod\/lequipe\/#primaryimage","url":"https:\/\/charneux.be\/preprod\/wp-content\/uploads\/2024\/10\/Ballon-fond-transparent.png","contentUrl":"https:\/\/charneux.be\/preprod\/wp-content\/uploads\/2024\/10\/Ballon-fond-transparent.png","width":187,"height":320},{"@type":"BreadcrumbList","@id":"https:\/\/charneux.be\/preprod\/lequipe\/#breadcrumb","itemListElement":[{"@type":"ListItem","position":1,"name":"Accueil","item":"https:\/\/charneux.be\/preprod\/"},{"@type":"ListItem","position":2,"name":"L&rsquo;\u00e9quipe"}]},{"@type":"WebSite","@id":"https:\/\/charneux.be\/preprod\/#website","url":"https:\/\/charneux.be\/preprod\/","name":"Charneux","description":"","publisher":{"@id":"https:\/\/charneux.be\/preprod\/#organization"},"potentialAction":[{"@type":"SearchAction","target":{"@type":"EntryPoint","urlTemplate":"https:\/\/charneux.be\/preprod\/?s={search_term_string}"},"query-input":{"@type":"PropertyValueSpecification","valueRequired":true,"valueName":"search_term_string"}}],"inLanguage":"fr-FR"},{"@type":"Organization","@id":"https:\/\/charneux.be\/preprod\/#organization","name":"Ecole libre de Charneux","url":"https:\/\/charneux.be\/preprod\/","logo":{"@type":"ImageObject","inLanguage":"fr-FR","@id":"https:\/\/charneux.be\/preprod\/#\/schema\/logo\/image\/","url":"https:\/\/charneux.be\/preprod\/wp-content\/uploads\/2024\/08\/cropped-Logo-bleu.png","contentUrl":"https:\/\/charneux.be\/preprod\/wp-content\/uploads\/2024\/08\/cropped-Logo-bleu.png","width":480,"height":799,"caption":"Ecole libre de Charneux"},"image":{"@id":"https:\/\/charneux.be\/preprod\/#\/schema\/logo\/image\/"}}]}},"_links":{"self":[{"href":"https:\/\/charneux.be\/preprod\/wp-json\/wp\/v2\/pages\/2418","targetHints":{"allow":["GET"]}}],"collection":[{"href":"https:\/\/charneux.be\/preprod\/wp-json\/wp\/v2\/pages"}],"about":[{"href":"https:\/\/charneux.be\/preprod\/wp-json\/wp\/v2\/types\/page"}],"author":[{"embeddable":true,"href":"https:\/\/charneux.be\/preprod\/wp-json\/wp\/v2\/users\/30"}],"replies":[{"embeddable":true,"href":"https:\/\/charneux.be\/preprod\/wp-json\/wp\/v2\/comments?post=2418"}],"version-history":[{"count":85,"href":"https:\/\/charneux.be\/preprod\/wp-json\/wp\/v2\/pages\/2418\/revisions"}],"predecessor-version":[{"id":3069,"href":"https:\/\/charneux.be\/preprod\/wp-json\/wp\/v2\/pages\/2418\/revisions\/3069"}],"wp:attachment":[{"href":"https:\/\/charneux.be\/preprod\/wp-json\/wp\/v2\/media?parent=2418"}],"curies":[{"name":"wp","href":"https:\/\/api.w.org\/{rel}","templated":true}]}}